{"id":10503,"date":"2025-04-14T08:12:32","date_gmt":"2025-04-14T08:12:32","guid":{"rendered":"https:\/\/www.eurofluidsrl.eu\/travailler-avec-nous\/"},"modified":"2025-06-26T12:53:59","modified_gmt":"2025-06-26T12:53:59","slug":"travailler-avec-nous","status":"publish","type":"page","link":"https:\/\/www.eurofluidsrl.eu\/fr\/travailler-avec-nous\/","title":{"rendered":"Travailler avec nous"},"content":{"rendered":"\t\t<div data-elementor-type=\"wp-page\" data-elementor-id=\"10503\" class=\"elementor elementor-10503 elementor-8801\">\n\t\t\t\t\t\t<section class=\"elementor-section elementor-top-section elementor-element elementor-element-989123f elementor-section-full_width qodef-elementor-content-grid elementor-section-height-default elementor-section-height-default\" data-id=\"989123f\" data-element_type=\"section\" data-e-type=\"section\" data-settings=\"{&quot;background_background&quot;:&quot;classic&quot;}\">\n\t\t\t\t\t\t<div class=\"elementor-container elementor-column-gap-default\">\n\t\t\t\t\t<div class=\"elementor-column elementor-col-100 elementor-top-column elementor-element elementor-element-79069ee\" data-id=\"79069ee\" data-element_type=\"column\" data-e-type=\"column\">\n\t\t\t<div class=\"elementor-widget-wrap elementor-element-populated\">\n\t\t\t\t\t\t<div class=\"elementor-element elementor-element-2e7d379 elementor-widget elementor-widget-manufaktursolutions_core_section_title\" data-id=\"2e7d379\" data-element_type=\"widget\" data-e-type=\"widget\" data-widget_type=\"manufaktursolutions_core_section_title.default\">\n\t\t\t\t<div class=\"elementor-widget-container\">\n\t\t\t\t\t<div class=\"qodef-shortcode qodef-m  qodef-section-title qodef-alignment--left   \">\n\t\t<p class=\"qodef-m-highlight-text\" style=\"color: #FFFFFF;margin-bottom: 25px\">Grandir avec Eurofluid<\/p>\n\t\t<h1 class=\"qodef-m-title\" style=\"color: #FFFFFF\">\n\t\t\t\t\tTravailler avec nous<br \/>\t\t\t<\/h1>\n\t\t<\/div>\n\t\t\t\t<\/div>\n\t\t\t\t<\/div>\n\t\t\t\t\t<\/div>\n\t\t<\/div>\n\t\t\t\t\t<\/div>\n\t\t<\/section>\n\t\t\t\t<section class=\"elementor-section elementor-top-section elementor-element elementor-element-b8c2241 elementor-section-full_width elementor-section-height-default elementor-section-height-default qodef-elementor-content-no\" data-id=\"b8c2241\" data-element_type=\"section\" data-e-type=\"section\">\n\t\t\t\t\t\t<div class=\"elementor-container elementor-column-gap-default\">\n\t\t\t\t\t<div class=\"elementor-column elementor-col-50 elementor-top-column elementor-element elementor-element-cf5791c\" data-id=\"cf5791c\" data-element_type=\"column\" data-e-type=\"column\" data-settings=\"{&quot;background_background&quot;:&quot;classic&quot;}\">\n\t\t\t<div class=\"elementor-widget-wrap elementor-element-populated\">\n\t\t\t\t\t\t<div class=\"elementor-element elementor-element-269d54a elementor-widget elementor-widget-manufaktursolutions_core_section_title\" data-id=\"269d54a\" data-element_type=\"widget\" data-e-type=\"widget\" data-widget_type=\"manufaktursolutions_core_section_title.default\">\n\t\t\t\t<div class=\"elementor-widget-container\">\n\t\t\t\t\t<div class=\"qodef-shortcode qodef-m  qodef-section-title qodef-alignment--left qodef-title-break--disabled  \">\n\t\t<p class=\"qodef-m-highlight-text\" >Remplissez le formulaire <\/p>\n\t\t<h2 class=\"qodef-m-title\" style=\"color: #325899\">\n\t\t\t\t\tRejoignez notre \u00e9quipe\t\t\t<\/h2>\n\t\t<\/div>\n\t\t\t\t<\/div>\n\t\t\t\t<\/div>\n\t\t\t\t<div class=\"elementor-element elementor-element-1b90c2e elementor-widget elementor-widget-text-editor\" data-id=\"1b90c2e\" data-element_type=\"widget\" data-e-type=\"widget\" data-widget_type=\"text-editor.default\">\n\t\t\t\t<div class=\"elementor-widget-container\">\n\t\t\t\t\t\t\t\t\t<p>Notre succ\u00e8s repose sur les personnes : des professionnels passionn\u00e9s, comp\u00e9tents et pr\u00eats \u00e0 travailler ensemble pour atteindre des objectifs communs.<\/p><p>Nous sommes dans une phase de forte expansion et nous souhaitons agrandir notre \u00e9quipe avec des profils qui partagent nos valeurs et souhaitent construire quelque chose de solide et durable. Si vous cherchez un environnement o\u00f9 votre contribution a vraiment de l\u2019importance, vous \u00eates peut-\u00eatre au bon endroit. <\/p>\t\t\t\t\t\t\t\t<\/div>\n\t\t\t\t<\/div>\n\t\t\t\t<div class=\"elementor-element elementor-element-dfc7da5 elementor-widget elementor-widget-manufaktursolutions_core_custom_font\" data-id=\"dfc7da5\" data-element_type=\"widget\" data-e-type=\"widget\" data-widget_type=\"manufaktursolutions_core_custom_font.default\">\n\t\t\t\t<div class=\"elementor-widget-container\">\n\t\t\t\t\t<p class=\"qodef-shortcode qodef-m  qodef-custom-font qodef-custom-font-242 qodef-layout--simple\" style=\"font-family: lATO;font-size: 24px;font-weight: 700\">Vous souhaitez postuler ?<\/p>\n\t\t\t\t<\/div>\n\t\t\t\t<\/div>\n\t\t\t\t<section class=\"elementor-section elementor-inner-section elementor-element elementor-element-ea18c80 elementor-section-boxed elementor-section-height-default elementor-section-height-default qodef-elementor-content-no\" data-id=\"ea18c80\" data-element_type=\"section\" data-e-type=\"section\">\n\t\t\t\t\t\t<div class=\"elementor-container elementor-column-gap-default\">\n\t\t\t\t\t<div class=\"elementor-column elementor-col-100 elementor-inner-column elementor-element elementor-element-183e37a\" data-id=\"183e37a\" data-element_type=\"column\" data-e-type=\"column\">\n\t\t\t<div class=\"elementor-widget-wrap elementor-element-populated\">\n\t\t\t\t\t\t<div class=\"elementor-element elementor-element-848f2a8 elementor-widget elementor-widget-text-editor\" data-id=\"848f2a8\" data-element_type=\"widget\" data-e-type=\"widget\" data-widget_type=\"text-editor.default\">\n\t\t\t\t<div class=\"elementor-widget-container\">\n\t\t\t\t\t\t\t\t\t<p>Remplissez le formulaire de contact avec votre CV et int\u00e9grez cette grande entreprise.<br>Vous serez recontact\u00e9 rapidement par notre responsable. <\/p>\t\t\t\t\t\t\t\t<\/div>\n\t\t\t\t<\/div>\n\t\t\t\t\t<\/div>\n\t\t<\/div>\n\t\t\t\t\t<\/div>\n\t\t<\/section>\n\t\t\t\t\t<\/div>\n\t\t<\/div>\n\t\t\t\t<div class=\"elementor-column elementor-col-50 elementor-top-column elementor-element elementor-element-404597d\" data-id=\"404597d\" data-element_type=\"column\" data-e-type=\"column\" data-settings=\"{&quot;background_background&quot;:&quot;classic&quot;}\">\n\t\t\t<div class=\"elementor-widget-wrap elementor-element-populated\">\n\t\t\t\t\t\t<div class=\"elementor-element elementor-element-04d21dd elementor-widget elementor-widget-wp-widget-manufaktursolutions_core_contact_form_7\" data-id=\"04d21dd\" data-element_type=\"widget\" data-e-type=\"widget\" data-widget_type=\"wp-widget-manufaktursolutions_core_contact_form_7.default\">\n\t\t\t\t<div class=\"elementor-widget-container\">\n\t\t\t\t\t\t\t\t<div class=\"qodef-contact-form-7\">\n\t\t\t\t\n<div class=\"wpcf7 no-js\" id=\"wpcf7-f10566-o1\" lang=\"it-IT\" dir=\"ltr\" data-wpcf7-id=\"10566\">\n<div class=\"screen-reader-response\"><p role=\"status\" aria-live=\"polite\" aria-atomic=\"true\"><\/p> <ul><\/ul><\/div>\n<form action=\"\/fr\/wp-json\/wp\/v2\/pages\/10503#wpcf7-f10566-o1\" method=\"post\" class=\"wpcf7-form init\" aria-label=\"Modulo di contatto\" enctype=\"multipart\/form-data\" novalidate=\"novalidate\" data-status=\"init\">\n<fieldset class=\"hidden-fields-container\"><input type=\"hidden\" name=\"_wpcf7\" value=\"10566\" \/><input type=\"hidden\" name=\"_wpcf7_version\" value=\"6.1.5\" \/><input type=\"hidden\" name=\"_wpcf7_locale\" value=\"it_IT\" \/><input type=\"hidden\" name=\"_wpcf7_unit_tag\" value=\"wpcf7-f10566-o1\" \/><input type=\"hidden\" name=\"_wpcf7_container_post\" value=\"0\" \/><input type=\"hidden\" name=\"_wpcf7_posted_data_hash\" value=\"\" \/><input type=\"hidden\" name=\"_wpcf7_recaptcha_response\" value=\"\" \/>\n<\/fieldset>\n<div class=\"qodef-grid qodef-layout--template qodef-cf-circle qodef-standard-layout \">\n\n \n\n<div class=\"qodef-grid-inner\">\n\n \n\n \n\n \n\n<div class=\"qodef-grid-item qodef-col--12\">\n\n \n\n <span class=\"wpcf7-form-control-wrap\" data-name=\"your-name\"><input size=\"40\" maxlength=\"400\" class=\"wpcf7-form-control wpcf7-text wpcf7-validates-as-required\" aria-required=\"true\" aria-invalid=\"false\" placeholder=\"Nom\" value=\"\" type=\"text\" name=\"your-name\" \/><\/span>\n\n \n\n<\/div>\n\n <div class=\"qodef-grid-item qodef-col--12\">\n\n \n\n <span class=\"wpcf7-form-control-wrap\" data-name=\"cognome\"><input size=\"40\" maxlength=\"400\" class=\"wpcf7-form-control wpcf7-text\" aria-invalid=\"false\" placeholder=\"Nom de famille\" value=\"\" type=\"text\" name=\"cognome\" \/><\/span> \n\n<\/div>\n\n<div class=\"qodef-grid-item qodef-col--12\">\n\n \n\n <span class=\"wpcf7-form-control-wrap\" data-name=\"la-tua-email\"><input size=\"40\" maxlength=\"400\" class=\"wpcf7-form-control wpcf7-email wpcf7-validates-as-required wpcf7-text wpcf7-validates-as-email\" aria-required=\"true\" aria-invalid=\"false\" value=\"E-mail\" type=\"email\" name=\"la-tua-email\" \/><\/span>\n\n \n\n<\/div>\n\n \n\n<div class=\"qodef-grid-item qodef-col--12\">\n\n \n\n <span class=\"wpcf7-form-control-wrap\" data-name=\"your-tel\"><input size=\"40\" maxlength=\"400\" class=\"wpcf7-form-control wpcf7-tel wpcf7-validates-as-required wpcf7-text wpcf7-validates-as-tel\" aria-required=\"true\" aria-invalid=\"false\" placeholder=\"T\u00e9l\u00e9phone\" value=\"\" type=\"tel\" name=\"your-tel\" \/><\/span>\n\n \n\n<\/div>\n\n \n\n \n\n<div class=\"qodef-grid-item qodef-col--12\">\n\n \n\n <span class=\"wpcf7-form-control-wrap\" data-name=\"your-message\"><textarea cols=\"40\" rows=\"10\" maxlength=\"2000\" class=\"wpcf7-form-control wpcf7-textarea\" aria-invalid=\"false\" placeholder=\"Message\" name=\"your-message\"><\/textarea><\/span>\n\n \n\n<\/div>\n\n<div class=\"qodef-grid-item qodef-col--12\">\n\n \n\n<span class=\"wpcf7-form-control-wrap\" data-name=\"curriculum\"><input size=\"40\" class=\"wpcf7-form-control wpcf7-file wpcf7-validates-as-required\" accept=\".pdf,.txt,.png\" aria-required=\"true\" aria-invalid=\"false\" type=\"file\" name=\"curriculum\" \/><\/span>\n \n<\/div>\n\n<div class=\"qodef-grid-item qodef-col--12\">\n\n<span class=\"wpcf7-form-control-wrap\" data-name=\"accettazione\"><span class=\"wpcf7-form-control wpcf7-acceptance optional\"><span class=\"wpcf7-list-item\"><label><input type=\"checkbox\" name=\"accettazione\" value=\"1\" aria-invalid=\"false\" \/><span class=\"wpcf7-list-item-label\">En utilisant ce formulaire, vous acceptez le stockage et le traitement de vos donn\u00e9es par ce site Web.<\/span><\/label><\/span><\/span><\/span>\n \n<\/div>\n\n<div class=\"qodef-grid-item qodef-col--12\" style=\"text-align: right;\">\n\n \n\n<button class=\"wpcf7-form-control wpcf7-submit qodef-shortcode qodef-m qodef-button qodef-layout--outlined qodef-html--link qodef-button qodef-size--normal qodef-m\" type=\"submit\"><span class=\"qodef-m-text\">Envoyer<\/span><\/button>\n\n \n\n<\/div>\n\n \n\n<\/div>\n\n \n\n<\/div><div class=\"wpcf7-response-output\" aria-hidden=\"true\"><\/div>\n<\/form>\n<\/div>\n\t\t\t<\/div>\n\t\t\t\t\t\t\t<\/div>\n\t\t\t\t<\/div>\n\t\t\t\t\t<\/div>\n\t\t<\/div>\n\t\t\t\t\t<\/div>\n\t\t<\/section>\n\t\t\t\t<\/div>\n\t\t","protected":false},"excerpt":{"rendered":"<p>Grandir avec Eurofluid Travailler avec nous Remplissez le formulaire Rejoignez notre \u00e9quipe Notre succ\u00e8s repose sur les personnes : des professionnels passionn\u00e9s, comp\u00e9tents et pr\u00eats \u00e0 travailler ensemble pour atteindre des objectifs communs. Nous sommes dans une phase de forte expansion et nous souhaitons agrandir notre \u00e9quipe avec des profils qui partagent nos valeurs et [&hellip;]<\/p>\n","protected":false},"author":1,"featured_media":0,"parent":0,"menu_order":0,"comment_status":"closed","ping_status":"closed","template":"page-full-width.php","meta":{"footnotes":""},"class_list":["post-10503","page","type-page","status-publish","hentry"],"yoast_head":"<!-- This site is optimized with the Yoast SEO plugin v26.7 - https:\/\/yoast.com\/wordpress\/plugins\/seo\/ -->\n<title>Travailler avec nous - Eurofluid<\/title>\n<meta name=\"robots\" content=\"index, follow, max-snippet:-1, max-image-preview:large, max-video-preview:-1\" \/>\n<link rel=\"canonical\" href=\"https:\/\/www.eurofluidsrl.eu\/fr\/travailler-avec-nous\/\" \/>\n<meta property=\"og:locale\" content=\"fr_FR\" \/>\n<meta property=\"og:type\" content=\"article\" \/>\n<meta property=\"og:title\" content=\"Travailler avec nous - Eurofluid\" \/>\n<meta property=\"og:description\" content=\"Grandir avec Eurofluid Travailler avec nous Remplissez le formulaire Rejoignez notre \u00e9quipe Notre succ\u00e8s repose sur les personnes : des professionnels passionn\u00e9s, comp\u00e9tents et pr\u00eats \u00e0 travailler ensemble pour atteindre des objectifs communs. Nous sommes dans une phase de forte expansion et nous souhaitons agrandir notre \u00e9quipe avec des profils qui partagent nos valeurs et [&hellip;]\" \/>\n<meta property=\"og:url\" content=\"https:\/\/www.eurofluidsrl.eu\/fr\/travailler-avec-nous\/\" \/>\n<meta property=\"og:site_name\" content=\"Eurofluid\" \/>\n<meta property=\"article:modified_time\" content=\"2025-06-26T12:53:59+00:00\" \/>\n<meta name=\"twitter:card\" content=\"summary_large_image\" \/>\n<meta name=\"twitter:label1\" content=\"Dur\u00e9e de lecture estim\u00e9e\" \/>\n\t<meta name=\"twitter:data1\" content=\"1 minute\" \/>\n<script type=\"application\/ld+json\" class=\"yoast-schema-graph\">{\"@context\":\"https:\/\/schema.org\",\"@graph\":[{\"@type\":\"WebPage\",\"@id\":\"https:\/\/www.eurofluidsrl.eu\/fr\/travailler-avec-nous\/\",\"url\":\"https:\/\/www.eurofluidsrl.eu\/fr\/travailler-avec-nous\/\",\"name\":\"Travailler avec nous - Eurofluid\",\"isPartOf\":{\"@id\":\"https:\/\/www.eurofluidsrl.eu\/fr\/#website\"},\"datePublished\":\"2025-04-14T08:12:32+00:00\",\"dateModified\":\"2025-06-26T12:53:59+00:00\",\"breadcrumb\":{\"@id\":\"https:\/\/www.eurofluidsrl.eu\/fr\/travailler-avec-nous\/#breadcrumb\"},\"inLanguage\":\"fr-FR\",\"potentialAction\":[{\"@type\":\"ReadAction\",\"target\":[\"https:\/\/www.eurofluidsrl.eu\/fr\/travailler-avec-nous\/\"]}]},{\"@type\":\"BreadcrumbList\",\"@id\":\"https:\/\/www.eurofluidsrl.eu\/fr\/travailler-avec-nous\/#breadcrumb\",\"itemListElement\":[{\"@type\":\"ListItem\",\"position\":1,\"name\":\"Home\",\"item\":\"https:\/\/www.eurofluidsrl.eu\/fr\/\"},{\"@type\":\"ListItem\",\"position\":2,\"name\":\"Travailler avec nous\"}]},{\"@type\":\"WebSite\",\"@id\":\"https:\/\/www.eurofluidsrl.eu\/fr\/#website\",\"url\":\"https:\/\/www.eurofluidsrl.eu\/fr\/\",\"name\":\"Eurofluid\",\"description\":\"Oleodinamica, pneumatica e lubrificazione Livorno\",\"potentialAction\":[{\"@type\":\"SearchAction\",\"target\":{\"@type\":\"EntryPoint\",\"urlTemplate\":\"https:\/\/www.eurofluidsrl.eu\/fr\/?s={search_term_string}\"},\"query-input\":{\"@type\":\"PropertyValueSpecification\",\"valueRequired\":true,\"valueName\":\"search_term_string\"}}],\"inLanguage\":\"fr-FR\"}]}<\/script>\n<!-- \/ Yoast SEO plugin. -->","yoast_head_json":{"title":"Travailler avec nous - Eurofluid","robots":{"index":"index","follow":"follow","max-snippet":"max-snippet:-1","max-image-preview":"max-image-preview:large","max-video-preview":"max-video-preview:-1"},"canonical":"https:\/\/www.eurofluidsrl.eu\/fr\/travailler-avec-nous\/","og_locale":"fr_FR","og_type":"article","og_title":"Travailler avec nous - Eurofluid","og_description":"Grandir avec Eurofluid Travailler avec nous Remplissez le formulaire Rejoignez notre \u00e9quipe Notre succ\u00e8s repose sur les personnes : des professionnels passionn\u00e9s, comp\u00e9tents et pr\u00eats \u00e0 travailler ensemble pour atteindre des objectifs communs. Nous sommes dans une phase de forte expansion et nous souhaitons agrandir notre \u00e9quipe avec des profils qui partagent nos valeurs et [&hellip;]","og_url":"https:\/\/www.eurofluidsrl.eu\/fr\/travailler-avec-nous\/","og_site_name":"Eurofluid","article_modified_time":"2025-06-26T12:53:59+00:00","twitter_card":"summary_large_image","twitter_misc":{"Dur\u00e9e de lecture estim\u00e9e":"1 minute"},"schema":{"@context":"https:\/\/schema.org","@graph":[{"@type":"WebPage","@id":"https:\/\/www.eurofluidsrl.eu\/fr\/travailler-avec-nous\/","url":"https:\/\/www.eurofluidsrl.eu\/fr\/travailler-avec-nous\/","name":"Travailler avec nous - Eurofluid","isPartOf":{"@id":"https:\/\/www.eurofluidsrl.eu\/fr\/#website"},"datePublished":"2025-04-14T08:12:32+00:00","dateModified":"2025-06-26T12:53:59+00:00","breadcrumb":{"@id":"https:\/\/www.eurofluidsrl.eu\/fr\/travailler-avec-nous\/#breadcrumb"},"inLanguage":"fr-FR","potentialAction":[{"@type":"ReadAction","target":["https:\/\/www.eurofluidsrl.eu\/fr\/travailler-avec-nous\/"]}]},{"@type":"BreadcrumbList","@id":"https:\/\/www.eurofluidsrl.eu\/fr\/travailler-avec-nous\/#breadcrumb","itemListElement":[{"@type":"ListItem","position":1,"name":"Home","item":"https:\/\/www.eurofluidsrl.eu\/fr\/"},{"@type":"ListItem","position":2,"name":"Travailler avec nous"}]},{"@type":"WebSite","@id":"https:\/\/www.eurofluidsrl.eu\/fr\/#website","url":"https:\/\/www.eurofluidsrl.eu\/fr\/","name":"Eurofluid","description":"Oleodinamica, pneumatica e lubrificazione Livorno","potentialAction":[{"@type":"SearchAction","target":{"@type":"EntryPoint","urlTemplate":"https:\/\/www.eurofluidsrl.eu\/fr\/?s={search_term_string}"},"query-input":{"@type":"PropertyValueSpecification","valueRequired":true,"valueName":"search_term_string"}}],"inLanguage":"fr-FR"}]}},"_links":{"self":[{"href":"https:\/\/www.eurofluidsrl.eu\/fr\/wp-json\/wp\/v2\/pages\/10503","targetHints":{"allow":["GET"]}}],"collection":[{"href":"https:\/\/www.eurofluidsrl.eu\/fr\/wp-json\/wp\/v2\/pages"}],"about":[{"href":"https:\/\/www.eurofluidsrl.eu\/fr\/wp-json\/wp\/v2\/types\/page"}],"author":[{"embeddable":true,"href":"https:\/\/www.eurofluidsrl.eu\/fr\/wp-json\/wp\/v2\/users\/1"}],"replies":[{"embeddable":true,"href":"https:\/\/www.eurofluidsrl.eu\/fr\/wp-json\/wp\/v2\/comments?post=10503"}],"version-history":[{"count":7,"href":"https:\/\/www.eurofluidsrl.eu\/fr\/wp-json\/wp\/v2\/pages\/10503\/revisions"}],"predecessor-version":[{"id":10746,"href":"https:\/\/www.eurofluidsrl.eu\/fr\/wp-json\/wp\/v2\/pages\/10503\/revisions\/10746"}],"wp:attachment":[{"href":"https:\/\/www.eurofluidsrl.eu\/fr\/wp-json\/wp\/v2\/media?parent=10503"}],"curies":[{"name":"wp","href":"https:\/\/api.w.org\/{rel}","templated":true}]}}