{"id":10505,"date":"2022-10-19T10:35:44","date_gmt":"2022-10-19T10:35:44","guid":{"rendered":"https:\/\/www.eurofluidsrl.eu\/contacts\/"},"modified":"2025-06-23T12:47:43","modified_gmt":"2025-06-23T12:47:43","slug":"contacts","status":"publish","type":"page","link":"https:\/\/www.eurofluidsrl.eu\/fr\/contacts\/","title":{"rendered":"Contacts"},"content":{"rendered":"\t\t<div data-elementor-type=\"wp-page\" data-elementor-id=\"10505\" class=\"elementor elementor-10505 elementor-2612\">\n\t\t\t\t\t\t<section class=\"elementor-section elementor-top-section elementor-element elementor-element-4b58698 elementor-section-full_width elementor-section-height-default elementor-section-height-default qodef-elementor-content-no\" data-id=\"4b58698\" data-element_type=\"section\" data-e-type=\"section\">\n\t\t\t\t\t\t<div class=\"elementor-container elementor-column-gap-default\">\n\t\t\t\t\t<div class=\"elementor-column elementor-col-100 elementor-top-column elementor-element elementor-element-f3a38d5\" data-id=\"f3a38d5\" data-element_type=\"column\" data-e-type=\"column\">\n\t\t\t<div class=\"elementor-widget-wrap elementor-element-populated\">\n\t\t\t\t\t\t<div class=\"elementor-element elementor-element-bfc301e elementor-widget elementor-widget-manufaktursolutions_core_google_map\" data-id=\"bfc301e\" data-element_type=\"widget\" data-e-type=\"widget\" data-widget_type=\"manufaktursolutions_core_google_map.default\">\n\t\t\t\t<div class=\"elementor-widget-container\">\n\t\t\t\t\t<div class=\"qodef-shortcode qodef-m  qodef-google-map\">\n\t<div class=\"qodef-m-map\" id=\"qodef-map-id--704\" data-addresses='[\"Long Hills Dr 351, New York 07078, United States\"]' data-pin=https:\/\/www.eurofluidsrl.eu\/wp-content\/uploads\/2022\/12\/map-pin.png data-unique-id=704 data-height=600><\/div>\n<\/div>\n\t\t\t\t<\/div>\n\t\t\t\t<\/div>\n\t\t\t\t\t<\/div>\n\t\t<\/div>\n\t\t\t\t\t<\/div>\n\t\t<\/section>\n\t\t<div class=\"elementor-element elementor-element-7986dd1 e-con-full e-flex qodef-elementor-content-no e-con e-parent\" data-id=\"7986dd1\" data-element_type=\"container\" data-e-type=\"container\">\n\t\t\t\t<div class=\"elementor-element elementor-element-998ec70 elementor-widget elementor-widget-google_maps\" data-id=\"998ec70\" data-element_type=\"widget\" data-e-type=\"widget\" data-widget_type=\"google_maps.default\">\n\t\t\t\t<div class=\"elementor-widget-container\">\n\t\t\t\t\t\t\t<div class=\"elementor-custom-embed\">\n\t\t\t<iframe loading=\"lazy\"\n\t\t\t\t\tsrc=\"https:\/\/maps.google.com\/maps?q=Via%20Leopardi%2C%2022%20-%20z.i%2C%20Via%20Vecchia%20del%20Picchianti%2C%2057121%20Livorno%20LI&#038;t=m&#038;z=10&#038;output=embed&#038;iwloc=near\"\n\t\t\t\t\ttitle=\"Via Leopardi, 22 - z.i, Via Vecchia del Picchianti, 57121 Livorno LI\"\n\t\t\t\t\taria-label=\"Via Leopardi, 22 - z.i, Via Vecchia del Picchianti, 57121 Livorno LI\"\n\t\t\t><\/iframe>\n\t\t<\/div>\n\t\t\t\t\t\t<\/div>\n\t\t\t\t<\/div>\n\t\t\t\t<\/div>\n\t\t\t\t<section class=\"elementor-section elementor-top-section elementor-element elementor-element-7a092ad elementor-section-full_width elementor-section-height-default elementor-section-height-default qodef-elementor-content-no\" data-id=\"7a092ad\" data-element_type=\"section\" data-e-type=\"section\">\n\t\t\t\t\t\t<div class=\"elementor-container elementor-column-gap-default\">\n\t\t\t\t\t<div class=\"elementor-column elementor-col-50 elementor-top-column elementor-element elementor-element-b71fb32\" data-id=\"b71fb32\" data-element_type=\"column\" data-e-type=\"column\" data-settings=\"{&quot;background_background&quot;:&quot;classic&quot;}\">\n\t\t\t<div class=\"elementor-widget-wrap elementor-element-populated\">\n\t\t\t\t\t\t<div class=\"elementor-element elementor-element-6caf59e elementor-widget elementor-widget-manufaktursolutions_core_section_title\" data-id=\"6caf59e\" data-element_type=\"widget\" data-e-type=\"widget\" data-widget_type=\"manufaktursolutions_core_section_title.default\">\n\t\t\t\t<div class=\"elementor-widget-container\">\n\t\t\t\t\t<div class=\"qodef-shortcode qodef-m  qodef-section-title qodef-alignment--left qodef-title-break--disabled  \">\n\t\t<p class=\"qodef-m-highlight-text\" >Contacts<\/p>\n\t\t<h3 class=\"qodef-m-title\" style=\"color: #325899\">\n\t\t\t\t\tO\u00f9 nous trouver\t\t\t<\/h3>\n\t\t<p class=\"qodef-m-subtitle\" >Restez inform\u00e9 sur nos activit\u00e9s, nos produits et nos marques. Inscrivez-vous \u00e0 la newsletter pour recevoir des informations d\u00e9taill\u00e9es et des opportunit\u00e9s exclusives directement dans votre bo\u00eete mail.<\/p>\n\t<\/div>\n\t\t\t\t<\/div>\n\t\t\t\t<\/div>\n\t\t\t\t<section class=\"elementor-section elementor-inner-section elementor-element elementor-element-ec80338 elementor-section-boxed elementor-section-height-default elementor-section-height-default qodef-elementor-content-no\" data-id=\"ec80338\" data-element_type=\"section\" data-e-type=\"section\">\n\t\t\t\t\t\t<div class=\"elementor-container elementor-column-gap-default\">\n\t\t\t\t\t<div class=\"elementor-column elementor-col-33 elementor-inner-column elementor-element elementor-element-47b7f05\" data-id=\"47b7f05\" data-element_type=\"column\" data-e-type=\"column\">\n\t\t\t<div class=\"elementor-widget-wrap elementor-element-populated\">\n\t\t\t\t\t\t<div class=\"elementor-element elementor-element-894005a elementor-widget elementor-widget-manufaktursolutions_core_custom_font\" data-id=\"894005a\" data-element_type=\"widget\" data-e-type=\"widget\" data-widget_type=\"manufaktursolutions_core_custom_font.default\">\n\t\t\t\t<div class=\"elementor-widget-container\">\n\t\t\t\t\t<p class=\"qodef-shortcode qodef-m  qodef-custom-font qodef-custom-font-969 qodef-layout--simple\" style=\"color: #15141C;font-family: lATO;font-size: 14px;font-weight: 700\">SITE DE PRODUCTION<\/p>\n\t\t\t\t<\/div>\n\t\t\t\t<\/div>\n\t\t\t\t<div class=\"elementor-element elementor-element-f0eaeca elementor-widget elementor-widget-text-editor\" data-id=\"f0eaeca\" data-element_type=\"widget\" data-e-type=\"widget\" data-widget_type=\"text-editor.default\">\n\t\t\t\t<div class=\"elementor-widget-container\">\n\t\t\t\t\t\t\t\t\t<p>Via Leopardi, 22 Picchianti<br>57121 Livourne (LI), Italie<\/p>\t\t\t\t\t\t\t\t<\/div>\n\t\t\t\t<\/div>\n\t\t\t\t\t<\/div>\n\t\t<\/div>\n\t\t\t\t<div class=\"elementor-column elementor-col-33 elementor-inner-column elementor-element elementor-element-b817937\" data-id=\"b817937\" data-element_type=\"column\" data-e-type=\"column\">\n\t\t\t<div class=\"elementor-widget-wrap elementor-element-populated\">\n\t\t\t\t\t\t<div class=\"elementor-element elementor-element-b037309 elementor-widget elementor-widget-manufaktursolutions_core_custom_font\" data-id=\"b037309\" data-element_type=\"widget\" data-e-type=\"widget\" data-widget_type=\"manufaktursolutions_core_custom_font.default\">\n\t\t\t\t<div class=\"elementor-widget-container\">\n\t\t\t\t\t<p class=\"qodef-shortcode qodef-m  qodef-custom-font qodef-custom-font-684 qodef-layout--simple\" style=\"color: #15141C;font-family: lATO;font-size: 14px;font-weight: 700\">CONTACTS<\/p>\n\t\t\t\t<\/div>\n\t\t\t\t<\/div>\n\t\t\t\t<div class=\"elementor-element elementor-element-d687ce8 elementor-widget__width-initial elementor-widget elementor-widget-text-editor\" data-id=\"d687ce8\" data-element_type=\"widget\" data-e-type=\"widget\" data-widget_type=\"text-editor.default\">\n\t\t\t\t<div class=\"elementor-widget-container\">\n\t\t\t\t\t\t\t\t\t<p>+39 0586 942525<\/p>\t\t\t\t\t\t\t\t<\/div>\n\t\t\t\t<\/div>\n\t\t\t\t<div class=\"elementor-element elementor-element-ddb33fa elementor-widget elementor-widget-text-editor\" data-id=\"ddb33fa\" data-element_type=\"widget\" data-e-type=\"widget\" data-widget_type=\"text-editor.default\">\n\t\t\t\t<div class=\"elementor-widget-container\">\n\t\t\t\t\t\t\t\t\t<p><a href=\"mailto:solutions@example.com\">info@eurofluidsrl.com<\/a><\/p>\t\t\t\t\t\t\t\t<\/div>\n\t\t\t\t<\/div>\n\t\t\t\t\t<\/div>\n\t\t<\/div>\n\t\t\t\t<div class=\"elementor-column elementor-col-33 elementor-inner-column elementor-element elementor-element-a9efd02\" data-id=\"a9efd02\" data-element_type=\"column\" data-e-type=\"column\">\n\t\t\t<div class=\"elementor-widget-wrap elementor-element-populated\">\n\t\t\t\t\t\t<div class=\"elementor-element elementor-element-640baa2 elementor-widget elementor-widget-manufaktursolutions_core_custom_font\" data-id=\"640baa2\" data-element_type=\"widget\" data-e-type=\"widget\" data-widget_type=\"manufaktursolutions_core_custom_font.default\">\n\t\t\t\t<div class=\"elementor-widget-container\">\n\t\t\t\t\t<p class=\"qodef-shortcode qodef-m  qodef-custom-font qodef-custom-font-600 qodef-layout--simple\" style=\"color: #15141C;font-family: lATO;font-size: 14px;font-weight: 700\">HORAIRES<\/p>\n\t\t\t\t<\/div>\n\t\t\t\t<\/div>\n\t\t\t\t<div class=\"elementor-element elementor-element-5aa7350 elementor-widget elementor-widget-text-editor\" data-id=\"5aa7350\" data-element_type=\"widget\" data-e-type=\"widget\" data-widget_type=\"text-editor.default\">\n\t\t\t\t<div class=\"elementor-widget-container\">\n\t\t\t\t\t\t\t\t\t<p>Du lundi au vendredi<br>8h30 \u2013 12h30 \/ 14h00 \u2013 18h00<\/p><p>8:30 &#8211; 12:30 \/14:00 &#8211; 18:00<\/p>\t\t\t\t\t\t\t\t<\/div>\n\t\t\t\t<\/div>\n\t\t\t\t\t<\/div>\n\t\t<\/div>\n\t\t\t\t\t<\/div>\n\t\t<\/section>\n\t\t\t\t\t<\/div>\n\t\t<\/div>\n\t\t\t\t<div class=\"elementor-column elementor-col-50 elementor-top-column elementor-element elementor-element-fb13897\" data-id=\"fb13897\" data-element_type=\"column\" data-e-type=\"column\" data-settings=\"{&quot;background_background&quot;:&quot;classic&quot;}\">\n\t\t\t<div class=\"elementor-widget-wrap elementor-element-populated\">\n\t\t\t\t\t\t<div class=\"elementor-element elementor-element-336d0f1 elementor-widget elementor-widget-wp-widget-manufaktursolutions_core_contact_form_7\" data-id=\"336d0f1\" data-element_type=\"widget\" data-e-type=\"widget\" data-widget_type=\"wp-widget-manufaktursolutions_core_contact_form_7.default\">\n\t\t\t\t<div class=\"elementor-widget-container\">\n\t\t\t\t\t\t\t\t<div class=\"qodef-contact-form-7\">\n\t\t\t\t\n<div class=\"wpcf7 no-js\" id=\"wpcf7-f10563-o1\" lang=\"it-IT\" dir=\"ltr\" data-wpcf7-id=\"10563\">\n<div class=\"screen-reader-response\"><p role=\"status\" aria-live=\"polite\" aria-atomic=\"true\"><\/p> <ul><\/ul><\/div>\n<form action=\"\/fr\/wp-json\/wp\/v2\/pages\/10505#wpcf7-f10563-o1\" method=\"post\" class=\"wpcf7-form init\" aria-label=\"Modulo di contatto\" novalidate=\"novalidate\" data-status=\"init\">\n<fieldset class=\"hidden-fields-container\"><input type=\"hidden\" name=\"_wpcf7\" value=\"10563\" \/><input type=\"hidden\" name=\"_wpcf7_version\" value=\"6.1.5\" \/><input type=\"hidden\" name=\"_wpcf7_locale\" value=\"it_IT\" \/><input type=\"hidden\" name=\"_wpcf7_unit_tag\" value=\"wpcf7-f10563-o1\" \/><input type=\"hidden\" name=\"_wpcf7_container_post\" value=\"0\" \/><input type=\"hidden\" name=\"_wpcf7_posted_data_hash\" value=\"\" \/><input type=\"hidden\" name=\"_wpcf7_recaptcha_response\" value=\"\" \/>\n<\/fieldset>\n<div class=\"qodef-grid qodef-layout--template qodef-cf-circle qodef-standard-layout \">\n\n \n\n<div class=\"qodef-grid-inner\">\n\n \n\n \n\n \n\n<div class=\"qodef-grid-item qodef-col--12\">\n\n \n\n <span class=\"wpcf7-form-control-wrap\" data-name=\"your-name\"><input size=\"40\" maxlength=\"400\" class=\"wpcf7-form-control wpcf7-text wpcf7-validates-as-required\" aria-required=\"true\" aria-invalid=\"false\" placeholder=\"Agency\" value=\"\" type=\"text\" name=\"your-name\" \/><\/span>\n\n \n\n<\/div>\n\n \n\n<div class=\"qodef-grid-item qodef-col--12\">\n\n \n\n<span class=\"wpcf7-form-control-wrap\" data-name=\"la-tua-email\"><input size=\"40\" maxlength=\"400\" class=\"wpcf7-form-control wpcf7-email wpcf7-validates-as-required wpcf7-text wpcf7-validates-as-email\" aria-required=\"true\" aria-invalid=\"false\" value=\"E-mail\" type=\"email\" name=\"la-tua-email\" \/><\/span>\n\n \n\n<\/div>\n\n \n\n<div class=\"qodef-grid-item qodef-col--12\">\n\n \n\n <span class=\"wpcf7-form-control-wrap\" data-name=\"your-tel\"><input size=\"40\" maxlength=\"400\" class=\"wpcf7-form-control wpcf7-tel wpcf7-validates-as-required wpcf7-text wpcf7-validates-as-tel\" aria-required=\"true\" aria-invalid=\"false\" placeholder=\"Telephone\" value=\"\" type=\"tel\" name=\"your-tel\" \/><\/span>\n\n \n\n<\/div>\n\n \n\n \n\n<div class=\"qodef-grid-item qodef-col--12\">\n\n \n\n <span class=\"wpcf7-form-control-wrap\" data-name=\"your-message\"><textarea cols=\"40\" rows=\"10\" maxlength=\"2000\" class=\"wpcf7-form-control wpcf7-textarea\" aria-invalid=\"false\" placeholder=\"Messagge\" name=\"your-message\"><\/textarea><\/span>\n\n \n<span class=\"wpcf7-form-control-wrap\" data-name=\"accettazione\"><span class=\"wpcf7-form-control wpcf7-acceptance\"><span class=\"wpcf7-list-item\"><label><input type=\"checkbox\" name=\"accettazione\" value=\"1\" aria-invalid=\"false\" \/><span class=\"wpcf7-list-item-label\">By using this form you agree with the storage and handling of your data by this website.<\/span><\/label><\/span><\/span><\/span>\n<\/div>\n\n \n\n<div class=\"qodef-grid-item qodef-col--12\" style=\"text-align: right;\">\n\n \n\n<button class=\"wpcf7-form-control wpcf7-submit qodef-shortcode qodef-m qodef-button qodef-layout--outlined qodef-html--link qodef-button qodef-size--normal qodef-m\" type=\"submit\"><span class=\"qodef-m-text\">Send<\/span><\/button>\n\n \n\n<\/div>\n\n \n\n<\/div>\n\n \n\n<\/div><div class=\"wpcf7-response-output\" aria-hidden=\"true\"><\/div>\n<\/form>\n<\/div>\n\t\t\t<\/div>\n\t\t\t\t\t\t\t<\/div>\n\t\t\t\t<\/div>\n\t\t\t\t\t<\/div>\n\t\t<\/div>\n\t\t\t\t\t<\/div>\n\t\t<\/section>\n\t\t\t\t<\/div>\n\t\t","protected":false},"excerpt":{"rendered":"<p>Contacts O\u00f9 nous trouver Restez inform\u00e9 sur nos activit\u00e9s, nos produits et nos marques. Inscrivez-vous \u00e0 la newsletter pour recevoir des informations d\u00e9taill\u00e9es et des opportunit\u00e9s exclusives directement dans votre bo\u00eete mail. SITE DE PRODUCTION Via Leopardi, 22 Picchianti57121 Livourne (LI), Italie CONTACTS +39 0586 942525 info@eurofluidsrl.com HORAIRES Du lundi au vendredi8h30 \u2013 12h30 \/ [&hellip;]<\/p>\n","protected":false},"author":1,"featured_media":0,"parent":0,"menu_order":0,"comment_status":"closed","ping_status":"closed","template":"page-full-width.php","meta":{"footnotes":""},"class_list":["post-10505","page","type-page","status-publish","hentry"],"yoast_head":"<!-- This site is optimized with the Yoast SEO plugin v26.7 - https:\/\/yoast.com\/wordpress\/plugins\/seo\/ -->\n<title>Contacts - Eurofluid<\/title>\n<meta name=\"robots\" content=\"index, follow, max-snippet:-1, max-image-preview:large, max-video-preview:-1\" \/>\n<link rel=\"canonical\" href=\"https:\/\/www.eurofluidsrl.eu\/fr\/contacts\/\" \/>\n<meta property=\"og:locale\" content=\"fr_FR\" \/>\n<meta property=\"og:type\" content=\"article\" \/>\n<meta property=\"og:title\" content=\"Contacts - Eurofluid\" \/>\n<meta property=\"og:description\" content=\"Contacts O\u00f9 nous trouver Restez inform\u00e9 sur nos activit\u00e9s, nos produits et nos marques. Inscrivez-vous \u00e0 la newsletter pour recevoir des informations d\u00e9taill\u00e9es et des opportunit\u00e9s exclusives directement dans votre bo\u00eete mail. SITE DE PRODUCTION Via Leopardi, 22 Picchianti57121 Livourne (LI), Italie CONTACTS +39 0586 942525 info@eurofluidsrl.com HORAIRES Du lundi au vendredi8h30 \u2013 12h30 \/ [&hellip;]\" \/>\n<meta property=\"og:url\" content=\"https:\/\/www.eurofluidsrl.eu\/fr\/contacts\/\" \/>\n<meta property=\"og:site_name\" content=\"Eurofluid\" \/>\n<meta property=\"article:modified_time\" content=\"2025-06-23T12:47:43+00:00\" \/>\n<meta name=\"twitter:card\" content=\"summary_large_image\" \/>\n<meta name=\"twitter:label1\" content=\"Dur\u00e9e de lecture estim\u00e9e\" \/>\n\t<meta name=\"twitter:data1\" content=\"1 minute\" \/>\n<script type=\"application\/ld+json\" class=\"yoast-schema-graph\">{\"@context\":\"https:\/\/schema.org\",\"@graph\":[{\"@type\":\"WebPage\",\"@id\":\"https:\/\/www.eurofluidsrl.eu\/fr\/contacts\/\",\"url\":\"https:\/\/www.eurofluidsrl.eu\/fr\/contacts\/\",\"name\":\"Contacts - Eurofluid\",\"isPartOf\":{\"@id\":\"https:\/\/www.eurofluidsrl.eu\/fr\/#website\"},\"datePublished\":\"2022-10-19T10:35:44+00:00\",\"dateModified\":\"2025-06-23T12:47:43+00:00\",\"breadcrumb\":{\"@id\":\"https:\/\/www.eurofluidsrl.eu\/fr\/contacts\/#breadcrumb\"},\"inLanguage\":\"fr-FR\",\"potentialAction\":[{\"@type\":\"ReadAction\",\"target\":[\"https:\/\/www.eurofluidsrl.eu\/fr\/contacts\/\"]}]},{\"@type\":\"BreadcrumbList\",\"@id\":\"https:\/\/www.eurofluidsrl.eu\/fr\/contacts\/#breadcrumb\",\"itemListElement\":[{\"@type\":\"ListItem\",\"position\":1,\"name\":\"Home\",\"item\":\"https:\/\/www.eurofluidsrl.eu\/fr\/\"},{\"@type\":\"ListItem\",\"position\":2,\"name\":\"Contacts\"}]},{\"@type\":\"WebSite\",\"@id\":\"https:\/\/www.eurofluidsrl.eu\/fr\/#website\",\"url\":\"https:\/\/www.eurofluidsrl.eu\/fr\/\",\"name\":\"Eurofluid\",\"description\":\"Oleodinamica, pneumatica e lubrificazione Livorno\",\"potentialAction\":[{\"@type\":\"SearchAction\",\"target\":{\"@type\":\"EntryPoint\",\"urlTemplate\":\"https:\/\/www.eurofluidsrl.eu\/fr\/?s={search_term_string}\"},\"query-input\":{\"@type\":\"PropertyValueSpecification\",\"valueRequired\":true,\"valueName\":\"search_term_string\"}}],\"inLanguage\":\"fr-FR\"}]}<\/script>\n<!-- \/ Yoast SEO plugin. -->","yoast_head_json":{"title":"Contacts - Eurofluid","robots":{"index":"index","follow":"follow","max-snippet":"max-snippet:-1","max-image-preview":"max-image-preview:large","max-video-preview":"max-video-preview:-1"},"canonical":"https:\/\/www.eurofluidsrl.eu\/fr\/contacts\/","og_locale":"fr_FR","og_type":"article","og_title":"Contacts - Eurofluid","og_description":"Contacts O\u00f9 nous trouver Restez inform\u00e9 sur nos activit\u00e9s, nos produits et nos marques. Inscrivez-vous \u00e0 la newsletter pour recevoir des informations d\u00e9taill\u00e9es et des opportunit\u00e9s exclusives directement dans votre bo\u00eete mail. SITE DE PRODUCTION Via Leopardi, 22 Picchianti57121 Livourne (LI), Italie CONTACTS +39 0586 942525 info@eurofluidsrl.com HORAIRES Du lundi au vendredi8h30 \u2013 12h30 \/ [&hellip;]","og_url":"https:\/\/www.eurofluidsrl.eu\/fr\/contacts\/","og_site_name":"Eurofluid","article_modified_time":"2025-06-23T12:47:43+00:00","twitter_card":"summary_large_image","twitter_misc":{"Dur\u00e9e de lecture estim\u00e9e":"1 minute"},"schema":{"@context":"https:\/\/schema.org","@graph":[{"@type":"WebPage","@id":"https:\/\/www.eurofluidsrl.eu\/fr\/contacts\/","url":"https:\/\/www.eurofluidsrl.eu\/fr\/contacts\/","name":"Contacts - Eurofluid","isPartOf":{"@id":"https:\/\/www.eurofluidsrl.eu\/fr\/#website"},"datePublished":"2022-10-19T10:35:44+00:00","dateModified":"2025-06-23T12:47:43+00:00","breadcrumb":{"@id":"https:\/\/www.eurofluidsrl.eu\/fr\/contacts\/#breadcrumb"},"inLanguage":"fr-FR","potentialAction":[{"@type":"ReadAction","target":["https:\/\/www.eurofluidsrl.eu\/fr\/contacts\/"]}]},{"@type":"BreadcrumbList","@id":"https:\/\/www.eurofluidsrl.eu\/fr\/contacts\/#breadcrumb","itemListElement":[{"@type":"ListItem","position":1,"name":"Home","item":"https:\/\/www.eurofluidsrl.eu\/fr\/"},{"@type":"ListItem","position":2,"name":"Contacts"}]},{"@type":"WebSite","@id":"https:\/\/www.eurofluidsrl.eu\/fr\/#website","url":"https:\/\/www.eurofluidsrl.eu\/fr\/","name":"Eurofluid","description":"Oleodinamica, pneumatica e lubrificazione Livorno","potentialAction":[{"@type":"SearchAction","target":{"@type":"EntryPoint","urlTemplate":"https:\/\/www.eurofluidsrl.eu\/fr\/?s={search_term_string}"},"query-input":{"@type":"PropertyValueSpecification","valueRequired":true,"valueName":"search_term_string"}}],"inLanguage":"fr-FR"}]}},"_links":{"self":[{"href":"https:\/\/www.eurofluidsrl.eu\/fr\/wp-json\/wp\/v2\/pages\/10505","targetHints":{"allow":["GET"]}}],"collection":[{"href":"https:\/\/www.eurofluidsrl.eu\/fr\/wp-json\/wp\/v2\/pages"}],"about":[{"href":"https:\/\/www.eurofluidsrl.eu\/fr\/wp-json\/wp\/v2\/types\/page"}],"author":[{"embeddable":true,"href":"https:\/\/www.eurofluidsrl.eu\/fr\/wp-json\/wp\/v2\/users\/1"}],"replies":[{"embeddable":true,"href":"https:\/\/www.eurofluidsrl.eu\/fr\/wp-json\/wp\/v2\/comments?post=10505"}],"version-history":[{"count":4,"href":"https:\/\/www.eurofluidsrl.eu\/fr\/wp-json\/wp\/v2\/pages\/10505\/revisions"}],"predecessor-version":[{"id":10597,"href":"https:\/\/www.eurofluidsrl.eu\/fr\/wp-json\/wp\/v2\/pages\/10505\/revisions\/10597"}],"wp:attachment":[{"href":"https:\/\/www.eurofluidsrl.eu\/fr\/wp-json\/wp\/v2\/media?parent=10505"}],"curies":[{"name":"wp","href":"https:\/\/api.w.org\/{rel}","templated":true}]}}