{"id":10918,"date":"2025-07-01T10:03:49","date_gmt":"2025-07-01T10:03:49","guid":{"rendered":"https:\/\/www.eurofluidsrl.eu\/?page_id=10918"},"modified":"2025-07-01T10:06:48","modified_gmt":"2025-07-01T10:06:48","slug":"entreprise-4","status":"publish","type":"page","link":"https:\/\/www.eurofluidsrl.eu\/fr\/entreprise-4\/","title":{"rendered":"Entreprise"},"content":{"rendered":"\t\t<div data-elementor-type=\"wp-page\" data-elementor-id=\"10918\" class=\"elementor elementor-10918 elementor-10916\">\n\t\t\t\t\t\t<section class=\"elementor-section elementor-top-section elementor-element elementor-element-8ab5842 elementor-section-full_width qodef-elementor-content-grid elementor-section-height-default elementor-section-height-default\" data-id=\"8ab5842\" data-element_type=\"section\" data-e-type=\"section\" data-settings=\"{&quot;background_background&quot;:&quot;classic&quot;}\">\n\t\t\t\t\t\t<div class=\"elementor-container elementor-column-gap-default\">\n\t\t\t\t\t<div class=\"elementor-column elementor-col-100 elementor-top-column elementor-element elementor-element-21a0e6d\" data-id=\"21a0e6d\" data-element_type=\"column\" data-e-type=\"column\">\n\t\t\t<div class=\"elementor-widget-wrap elementor-element-populated\">\n\t\t\t\t\t\t<div class=\"elementor-element elementor-element-944df47 elementor-widget elementor-widget-manufaktursolutions_core_section_title\" data-id=\"944df47\" data-element_type=\"widget\" data-e-type=\"widget\" data-widget_type=\"manufaktursolutions_core_section_title.default\">\n\t\t\t\t<div class=\"elementor-widget-container\">\n\t\t\t\t\t<div class=\"qodef-shortcode qodef-m  qodef-section-title qodef-alignment--left   \">\n\t\t<p class=\"qodef-m-highlight-text\" style=\"color: #FFFFFF;margin-bottom: 25px\">Passion, exp\u00e9rience et innovation au service des entreprises.<\/p>\n\t\t<h1 class=\"qodef-m-title\" style=\"color: #FFFFFF\">\n\t\t\t\t\tQUI SOMMES-NOUS<br \/>\t\t\t<\/h1>\n\t\t<\/div>\n\t\t\t\t<\/div>\n\t\t\t\t<\/div>\n\t\t\t\t\t<\/div>\n\t\t<\/div>\n\t\t\t\t\t<\/div>\n\t\t<\/section>\n\t\t\t\t<section class=\"elementor-section elementor-top-section elementor-element elementor-element-c6b94b3 elementor-section-full_width qodef-elementor-content-grid elementor-section-height-default elementor-section-height-default\" data-id=\"c6b94b3\" data-element_type=\"section\" data-e-type=\"section\">\n\t\t\t\t\t\t<div class=\"elementor-container elementor-column-gap-default\">\n\t\t\t\t\t<div class=\"elementor-column elementor-col-50 elementor-top-column elementor-element elementor-element-afd7bed\" data-id=\"afd7bed\" data-element_type=\"column\" data-e-type=\"column\">\n\t\t\t<div class=\"elementor-widget-wrap elementor-element-populated\">\n\t\t\t\t\t\t<div class=\"elementor-element elementor-element-7b45102 elementor-widget elementor-widget-manufaktursolutions_core_section_title\" data-id=\"7b45102\" data-element_type=\"widget\" data-e-type=\"widget\" data-widget_type=\"manufaktursolutions_core_section_title.default\">\n\t\t\t\t<div class=\"elementor-widget-container\">\n\t\t\t\t\t<div class=\"qodef-shortcode qodef-m  qodef-section-title qodef-alignment--left qodef-title-break--disabled  \">\n\t\t<p class=\"qodef-m-highlight-text\" style=\"margin-bottom: 52px\">Nos valeurs<\/p>\n\t\t<h2 class=\"qodef-m-title\" >\n\t\t\t\t\tNotre mission<br \/>\t\t\t<\/h2>\n\t\t<\/div>\n\t\t\t\t<\/div>\n\t\t\t\t<\/div>\n\t\t\t\t\t<\/div>\n\t\t<\/div>\n\t\t\t\t<div class=\"elementor-column elementor-col-50 elementor-top-column elementor-element elementor-element-ab34b8f\" data-id=\"ab34b8f\" data-element_type=\"column\" data-e-type=\"column\">\n\t\t\t<div class=\"elementor-widget-wrap elementor-element-populated\">\n\t\t\t\t\t\t<div class=\"elementor-element elementor-element-a4c5c3c elementor-widget elementor-widget-text-editor\" data-id=\"a4c5c3c\" data-element_type=\"widget\" data-e-type=\"widget\" data-widget_type=\"text-editor.default\">\n\t\t\t\t<div class=\"elementor-widget-container\">\n\t\t\t\t\t\t\t\t\t<p>L\u2019un de nos principaux atouts est d\u2019offrir des solutions personnalis\u00e9es, en collaborant \u00e9troitement avec les clients pour d\u00e9velopper des projets sur mesure, selon leurs exigences sp\u00e9cifiques, gr\u00e2ce \u00e0 notre large gamme de produits.<br><strong>Fond\u00e9e dans le but de r\u00e9pondre aux besoins croissants d\u2019un march\u00e9 en constante \u00e9volution,<\/strong><br>Eurofluid a consolid\u00e9 une solide r\u00e9putation gr\u00e2ce \u00e0 la collaboration avec notre r\u00e9seau de fournisseurs et de clients, \u00e0 la professionnalit\u00e9 de notre \u00e9quipe et \u00e0 l\u2019exp\u00e9rience acquise sur le terrain.<br>Cela nous a permis d\u2019\u00e9voluer aux c\u00f4t\u00e9s de partenaires importants et d\u2019accumuler un pr\u00e9cieux capital technique.<br><br> <\/p>\t\t\t\t\t\t\t\t<\/div>\n\t\t\t\t<\/div>\n\t\t\t\t\t<\/div>\n\t\t<\/div>\n\t\t\t\t\t<\/div>\n\t\t<\/section>\n\t\t<div class=\"elementor-element elementor-element-4aa726d e-flex e-con-boxed qodef-elementor-content-no e-con e-parent\" data-id=\"4aa726d\" data-element_type=\"container\" data-e-type=\"container\">\n\t\t\t\t\t<div class=\"e-con-inner\">\n\t\t<div class=\"elementor-element elementor-element-768dc20 e-con-full e-flex qodef-elementor-content-no e-con e-child\" data-id=\"768dc20\" data-element_type=\"container\" data-e-type=\"container\">\n\t\t\t\t<div class=\"elementor-element elementor-element-58bc32c elementor-widget elementor-widget-image\" data-id=\"58bc32c\" data-element_type=\"widget\" data-e-type=\"widget\" data-widget_type=\"image.default\">\n\t\t\t\t<div class=\"elementor-widget-container\">\n\t\t\t\t\t\t\t\t\t\t\t\t\t\t\t<img fetchpriority=\"high\" decoding=\"async\" width=\"800\" height=\"533\" src=\"https:\/\/www.eurofluidsrl.eu\/wp-content\/uploads\/2025\/06\/0X0A2080.jpg\" class=\"attachment-large size-large wp-image-10841\" alt=\"\" srcset=\"https:\/\/www.eurofluidsrl.eu\/wp-content\/uploads\/2025\/06\/0X0A2080.jpg 800w, https:\/\/www.eurofluidsrl.eu\/wp-content\/uploads\/2025\/06\/0X0A2080-300x200.jpg 300w, https:\/\/www.eurofluidsrl.eu\/wp-content\/uploads\/2025\/06\/0X0A2080-768x512.jpg 768w, https:\/\/www.eurofluidsrl.eu\/wp-content\/uploads\/2025\/06\/0X0A2080-600x400.jpg 600w\" sizes=\"(max-width: 800px) 100vw, 800px\" \/>\t\t\t\t\t\t\t\t\t\t\t\t\t\t\t<\/div>\n\t\t\t\t<\/div>\n\t\t\t\t<\/div>\n\t\t<div class=\"elementor-element elementor-element-d17321d e-con-full e-flex qodef-elementor-content-no e-con e-child\" data-id=\"d17321d\" data-element_type=\"container\" data-e-type=\"container\">\n\t\t\t\t<div class=\"elementor-element elementor-element-09b6b7e elementor-widget elementor-widget-image\" data-id=\"09b6b7e\" data-element_type=\"widget\" data-e-type=\"widget\" data-widget_type=\"image.default\">\n\t\t\t\t<div class=\"elementor-widget-container\">\n\t\t\t\t\t\t\t\t\t\t\t\t\t\t\t<img decoding=\"async\" width=\"800\" height=\"533\" src=\"https:\/\/www.eurofluidsrl.eu\/wp-content\/uploads\/2025\/06\/0X0A2037.jpg\" class=\"attachment-large size-large wp-image-10845\" alt=\"\" srcset=\"https:\/\/www.eurofluidsrl.eu\/wp-content\/uploads\/2025\/06\/0X0A2037.jpg 800w, https:\/\/www.eurofluidsrl.eu\/wp-content\/uploads\/2025\/06\/0X0A2037-300x200.jpg 300w, https:\/\/www.eurofluidsrl.eu\/wp-content\/uploads\/2025\/06\/0X0A2037-768x512.jpg 768w, https:\/\/www.eurofluidsrl.eu\/wp-content\/uploads\/2025\/06\/0X0A2037-600x400.jpg 600w\" sizes=\"(max-width: 800px) 100vw, 800px\" \/>\t\t\t\t\t\t\t\t\t\t\t\t\t\t\t<\/div>\n\t\t\t\t<\/div>\n\t\t\t\t<\/div>\n\t\t<div class=\"elementor-element elementor-element-6dda539 e-con-full e-flex qodef-elementor-content-no e-con e-child\" data-id=\"6dda539\" data-element_type=\"container\" data-e-type=\"container\">\n\t\t\t\t<div class=\"elementor-element elementor-element-073ea18 elementor-widget elementor-widget-image\" data-id=\"073ea18\" data-element_type=\"widget\" data-e-type=\"widget\" data-widget_type=\"image.default\">\n\t\t\t\t<div class=\"elementor-widget-container\">\n\t\t\t\t\t\t\t\t\t\t\t\t\t\t\t<img decoding=\"async\" width=\"1024\" height=\"683\" src=\"https:\/\/www.eurofluidsrl.eu\/wp-content\/uploads\/2025\/06\/ivg-1-scaled-1-1024x683.jpg\" class=\"attachment-large size-large wp-image-10849\" alt=\"\" srcset=\"https:\/\/www.eurofluidsrl.eu\/wp-content\/uploads\/2025\/06\/ivg-1-scaled-1-1024x683.jpg 1024w, https:\/\/www.eurofluidsrl.eu\/wp-content\/uploads\/2025\/06\/ivg-1-scaled-1-300x200.jpg 300w, https:\/\/www.eurofluidsrl.eu\/wp-content\/uploads\/2025\/06\/ivg-1-scaled-1-768x512.jpg 768w, https:\/\/www.eurofluidsrl.eu\/wp-content\/uploads\/2025\/06\/ivg-1-scaled-1-1536x1024.jpg 1536w, https:\/\/www.eurofluidsrl.eu\/wp-content\/uploads\/2025\/06\/ivg-1-scaled-1-600x400.jpg 600w, https:\/\/www.eurofluidsrl.eu\/wp-content\/uploads\/2025\/06\/ivg-1-scaled-1.jpg 1620w\" sizes=\"(max-width: 1024px) 100vw, 1024px\" \/>\t\t\t\t\t\t\t\t\t\t\t\t\t\t\t<\/div>\n\t\t\t\t<\/div>\n\t\t\t\t<\/div>\n\t\t\t\t\t<\/div>\n\t\t\t\t<\/div>\n\t\t\t\t<\/div>\n\t\t","protected":false},"excerpt":{"rendered":"<p>Passion, exp\u00e9rience et innovation au service des entreprises. QUI SOMMES-NOUS Nos valeurs Notre mission L\u2019un de nos principaux atouts est d\u2019offrir des solutions personnalis\u00e9es, en collaborant \u00e9troitement avec les clients pour d\u00e9velopper des projets sur mesure, selon leurs exigences sp\u00e9cifiques, gr\u00e2ce \u00e0 notre large gamme de produits.Fond\u00e9e dans le but de r\u00e9pondre aux besoins croissants [&hellip;]<\/p>\n","protected":false},"author":1,"featured_media":0,"parent":0,"menu_order":0,"comment_status":"closed","ping_status":"closed","template":"page-full-width.php","meta":{"footnotes":""},"class_list":["post-10918","page","type-page","status-publish","hentry"],"yoast_head":"<!-- This site is optimized with the Yoast SEO plugin v26.7 - https:\/\/yoast.com\/wordpress\/plugins\/seo\/ -->\n<title>Entreprise - Eurofluid<\/title>\n<meta name=\"robots\" content=\"index, follow, max-snippet:-1, max-image-preview:large, max-video-preview:-1\" \/>\n<link rel=\"canonical\" href=\"https:\/\/www.eurofluidsrl.eu\/fr\/entreprise-4\/\" \/>\n<meta property=\"og:locale\" content=\"fr_FR\" \/>\n<meta property=\"og:type\" content=\"article\" \/>\n<meta property=\"og:title\" content=\"Entreprise - Eurofluid\" \/>\n<meta property=\"og:description\" content=\"Passion, exp\u00e9rience et innovation au service des entreprises. QUI SOMMES-NOUS Nos valeurs Notre mission L\u2019un de nos principaux atouts est d\u2019offrir des solutions personnalis\u00e9es, en collaborant \u00e9troitement avec les clients pour d\u00e9velopper des projets sur mesure, selon leurs exigences sp\u00e9cifiques, gr\u00e2ce \u00e0 notre large gamme de produits.Fond\u00e9e dans le but de r\u00e9pondre aux besoins croissants [&hellip;]\" \/>\n<meta property=\"og:url\" content=\"https:\/\/www.eurofluidsrl.eu\/fr\/entreprise-4\/\" \/>\n<meta property=\"og:site_name\" content=\"Eurofluid\" \/>\n<meta property=\"article:modified_time\" content=\"2025-07-01T10:06:48+00:00\" \/>\n<meta property=\"og:image\" content=\"https:\/\/www.eurofluidsrl.eu\/wp-content\/uploads\/2025\/06\/0X0A2080.jpg\" \/>\n\t<meta property=\"og:image:width\" content=\"800\" \/>\n\t<meta property=\"og:image:height\" content=\"533\" \/>\n\t<meta property=\"og:image:type\" content=\"image\/jpeg\" \/>\n<meta name=\"twitter:card\" content=\"summary_large_image\" \/>\n<meta name=\"twitter:label1\" content=\"Dur\u00e9e de lecture estim\u00e9e\" \/>\n\t<meta name=\"twitter:data1\" content=\"1 minute\" \/>\n<script type=\"application\/ld+json\" class=\"yoast-schema-graph\">{\"@context\":\"https:\/\/schema.org\",\"@graph\":[{\"@type\":\"WebPage\",\"@id\":\"https:\/\/www.eurofluidsrl.eu\/fr\/entreprise-4\/\",\"url\":\"https:\/\/www.eurofluidsrl.eu\/fr\/entreprise-4\/\",\"name\":\"Entreprise - Eurofluid\",\"isPartOf\":{\"@id\":\"https:\/\/www.eurofluidsrl.eu\/fr\/#website\"},\"primaryImageOfPage\":{\"@id\":\"https:\/\/www.eurofluidsrl.eu\/fr\/entreprise-4\/#primaryimage\"},\"image\":{\"@id\":\"https:\/\/www.eurofluidsrl.eu\/fr\/entreprise-4\/#primaryimage\"},\"thumbnailUrl\":\"https:\/\/www.eurofluidsrl.eu\/wp-content\/uploads\/2025\/06\/0X0A2080.jpg\",\"datePublished\":\"2025-07-01T10:03:49+00:00\",\"dateModified\":\"2025-07-01T10:06:48+00:00\",\"breadcrumb\":{\"@id\":\"https:\/\/www.eurofluidsrl.eu\/fr\/entreprise-4\/#breadcrumb\"},\"inLanguage\":\"fr-FR\",\"potentialAction\":[{\"@type\":\"ReadAction\",\"target\":[\"https:\/\/www.eurofluidsrl.eu\/fr\/entreprise-4\/\"]}]},{\"@type\":\"ImageObject\",\"inLanguage\":\"fr-FR\",\"@id\":\"https:\/\/www.eurofluidsrl.eu\/fr\/entreprise-4\/#primaryimage\",\"url\":\"https:\/\/www.eurofluidsrl.eu\/wp-content\/uploads\/2025\/06\/0X0A2080.jpg\",\"contentUrl\":\"https:\/\/www.eurofluidsrl.eu\/wp-content\/uploads\/2025\/06\/0X0A2080.jpg\"},{\"@type\":\"BreadcrumbList\",\"@id\":\"https:\/\/www.eurofluidsrl.eu\/fr\/entreprise-4\/#breadcrumb\",\"itemListElement\":[{\"@type\":\"ListItem\",\"position\":1,\"name\":\"Home\",\"item\":\"https:\/\/www.eurofluidsrl.eu\/fr\/\"},{\"@type\":\"ListItem\",\"position\":2,\"name\":\"Entreprise\"}]},{\"@type\":\"WebSite\",\"@id\":\"https:\/\/www.eurofluidsrl.eu\/fr\/#website\",\"url\":\"https:\/\/www.eurofluidsrl.eu\/fr\/\",\"name\":\"Eurofluid\",\"description\":\"Oleodinamica, pneumatica e lubrificazione Livorno\",\"potentialAction\":[{\"@type\":\"SearchAction\",\"target\":{\"@type\":\"EntryPoint\",\"urlTemplate\":\"https:\/\/www.eurofluidsrl.eu\/fr\/?s={search_term_string}\"},\"query-input\":{\"@type\":\"PropertyValueSpecification\",\"valueRequired\":true,\"valueName\":\"search_term_string\"}}],\"inLanguage\":\"fr-FR\"}]}<\/script>\n<!-- \/ Yoast SEO plugin. -->","yoast_head_json":{"title":"Entreprise - Eurofluid","robots":{"index":"index","follow":"follow","max-snippet":"max-snippet:-1","max-image-preview":"max-image-preview:large","max-video-preview":"max-video-preview:-1"},"canonical":"https:\/\/www.eurofluidsrl.eu\/fr\/entreprise-4\/","og_locale":"fr_FR","og_type":"article","og_title":"Entreprise - Eurofluid","og_description":"Passion, exp\u00e9rience et innovation au service des entreprises. QUI SOMMES-NOUS Nos valeurs Notre mission L\u2019un de nos principaux atouts est d\u2019offrir des solutions personnalis\u00e9es, en collaborant \u00e9troitement avec les clients pour d\u00e9velopper des projets sur mesure, selon leurs exigences sp\u00e9cifiques, gr\u00e2ce \u00e0 notre large gamme de produits.Fond\u00e9e dans le but de r\u00e9pondre aux besoins croissants [&hellip;]","og_url":"https:\/\/www.eurofluidsrl.eu\/fr\/entreprise-4\/","og_site_name":"Eurofluid","article_modified_time":"2025-07-01T10:06:48+00:00","og_image":[{"width":800,"height":533,"url":"https:\/\/www.eurofluidsrl.eu\/wp-content\/uploads\/2025\/06\/0X0A2080.jpg","type":"image\/jpeg"}],"twitter_card":"summary_large_image","twitter_misc":{"Dur\u00e9e de lecture estim\u00e9e":"1 minute"},"schema":{"@context":"https:\/\/schema.org","@graph":[{"@type":"WebPage","@id":"https:\/\/www.eurofluidsrl.eu\/fr\/entreprise-4\/","url":"https:\/\/www.eurofluidsrl.eu\/fr\/entreprise-4\/","name":"Entreprise - Eurofluid","isPartOf":{"@id":"https:\/\/www.eurofluidsrl.eu\/fr\/#website"},"primaryImageOfPage":{"@id":"https:\/\/www.eurofluidsrl.eu\/fr\/entreprise-4\/#primaryimage"},"image":{"@id":"https:\/\/www.eurofluidsrl.eu\/fr\/entreprise-4\/#primaryimage"},"thumbnailUrl":"https:\/\/www.eurofluidsrl.eu\/wp-content\/uploads\/2025\/06\/0X0A2080.jpg","datePublished":"2025-07-01T10:03:49+00:00","dateModified":"2025-07-01T10:06:48+00:00","breadcrumb":{"@id":"https:\/\/www.eurofluidsrl.eu\/fr\/entreprise-4\/#breadcrumb"},"inLanguage":"fr-FR","potentialAction":[{"@type":"ReadAction","target":["https:\/\/www.eurofluidsrl.eu\/fr\/entreprise-4\/"]}]},{"@type":"ImageObject","inLanguage":"fr-FR","@id":"https:\/\/www.eurofluidsrl.eu\/fr\/entreprise-4\/#primaryimage","url":"https:\/\/www.eurofluidsrl.eu\/wp-content\/uploads\/2025\/06\/0X0A2080.jpg","contentUrl":"https:\/\/www.eurofluidsrl.eu\/wp-content\/uploads\/2025\/06\/0X0A2080.jpg"},{"@type":"BreadcrumbList","@id":"https:\/\/www.eurofluidsrl.eu\/fr\/entreprise-4\/#breadcrumb","itemListElement":[{"@type":"ListItem","position":1,"name":"Home","item":"https:\/\/www.eurofluidsrl.eu\/fr\/"},{"@type":"ListItem","position":2,"name":"Entreprise"}]},{"@type":"WebSite","@id":"https:\/\/www.eurofluidsrl.eu\/fr\/#website","url":"https:\/\/www.eurofluidsrl.eu\/fr\/","name":"Eurofluid","description":"Oleodinamica, pneumatica e lubrificazione Livorno","potentialAction":[{"@type":"SearchAction","target":{"@type":"EntryPoint","urlTemplate":"https:\/\/www.eurofluidsrl.eu\/fr\/?s={search_term_string}"},"query-input":{"@type":"PropertyValueSpecification","valueRequired":true,"valueName":"search_term_string"}}],"inLanguage":"fr-FR"}]}},"_links":{"self":[{"href":"https:\/\/www.eurofluidsrl.eu\/fr\/wp-json\/wp\/v2\/pages\/10918","targetHints":{"allow":["GET"]}}],"collection":[{"href":"https:\/\/www.eurofluidsrl.eu\/fr\/wp-json\/wp\/v2\/pages"}],"about":[{"href":"https:\/\/www.eurofluidsrl.eu\/fr\/wp-json\/wp\/v2\/types\/page"}],"author":[{"embeddable":true,"href":"https:\/\/www.eurofluidsrl.eu\/fr\/wp-json\/wp\/v2\/users\/1"}],"replies":[{"embeddable":true,"href":"https:\/\/www.eurofluidsrl.eu\/fr\/wp-json\/wp\/v2\/comments?post=10918"}],"version-history":[{"count":2,"href":"https:\/\/www.eurofluidsrl.eu\/fr\/wp-json\/wp\/v2\/pages\/10918\/revisions"}],"predecessor-version":[{"id":10925,"href":"https:\/\/www.eurofluidsrl.eu\/fr\/wp-json\/wp\/v2\/pages\/10918\/revisions\/10925"}],"wp:attachment":[{"href":"https:\/\/www.eurofluidsrl.eu\/fr\/wp-json\/wp\/v2\/media?parent=10918"}],"curies":[{"name":"wp","href":"https:\/\/api.w.org\/{rel}","templated":true}]}}